{"id":122,"date":"2016-11-04T15:04:06","date_gmt":"2016-11-04T18:04:06","guid":{"rendered":"http:\/\/www.pfpitta.com.br\/word\/?page_id=122"},"modified":"2016-11-04T16:13:25","modified_gmt":"2016-11-04T19:13:25","slug":"proteja-os-seus-dados","status":"publish","type":"page","link":"https:\/\/www.pfpitta.com.br\/?page_id=122","title":{"rendered":"Proteja os seus dados&#8230;"},"content":{"rendered":"<p><strong><span style=\"color: #ff0000;\">Backup<\/span><\/strong><\/p>\n<p style=\"padding-left: 60px;\">Seus dados est\u00e3o realmente protegidos ? Proteja-se contra:<\/p>\n<p style=\"padding-left: 210px;\">Falha de hardware ou software;<\/p>\n<p style=\"padding-left: 210px;\">Sinistro (inc\u00eandio ou furto);<\/p>\n<p style=\"padding-left: 210px;\">Desastres naturais;<\/p>\n<p style=\"padding-left: 210px;\">V\u00edrus no computador;<\/p>\n<p style=\"padding-left: 60px;\"><span style=\"color: #ff0000;\"><strong>Seguran\u00e7a \u00e9 FUNDAMENTAL&#8230;<\/strong><\/span><\/p>\n<p style=\"padding-left: 60px;\">Proteja os seus dados.<\/p>\n<p style=\"padding-left: 60px;\"><strong>Veja nossas solu\u00e7\u00f5es e<\/strong><strong>ntre em contato&#8230;<\/strong><\/p>\n","protected":false},"excerpt":{"rendered":"<p>Backup Seus dados est\u00e3o realmente protegidos ? Proteja-se contra: Falha de hardware ou software; Sinistro (inc\u00eandio ou furto); Desastres naturais; V\u00edrus no computador; Seguran\u00e7a \u00e9 FUNDAMENTAL&#8230; Proteja os seus dados. Veja nossas solu\u00e7\u00f5es entre em contato&#8230;<\/p>\n","protected":false},"author":2,"featured_media":0,"parent":0,"menu_order":0,"comment_status":"closed","ping_status":"closed","template":"","meta":{"footnotes":""},"class_list":["post-122","page","type-page","status-publish","czr-hentry"],"_links":{"self":[{"href":"https:\/\/www.pfpitta.com.br\/index.php?rest_route=\/wp\/v2\/pages\/122","targetHints":{"allow":["GET"]}}],"collection":[{"href":"https:\/\/www.pfpitta.com.br\/index.php?rest_route=\/wp\/v2\/pages"}],"about":[{"href":"https:\/\/www.pfpitta.com.br\/index.php?rest_route=\/wp\/v2\/types\/page"}],"author":[{"embeddable":true,"href":"https:\/\/www.pfpitta.com.br\/index.php?rest_route=\/wp\/v2\/users\/2"}],"replies":[{"embeddable":true,"href":"https:\/\/www.pfpitta.com.br\/index.php?rest_route=%2Fwp%2Fv2%2Fcomments&post=122"}],"version-history":[{"count":5,"href":"https:\/\/www.pfpitta.com.br\/index.php?rest_route=\/wp\/v2\/pages\/122\/revisions"}],"predecessor-version":[{"id":129,"href":"https:\/\/www.pfpitta.com.br\/index.php?rest_route=\/wp\/v2\/pages\/122\/revisions\/129"}],"wp:attachment":[{"href":"https:\/\/www.pfpitta.com.br\/index.php?rest_route=%2Fwp%2Fv2%2Fmedia&parent=122"}],"curies":[{"name":"wp","href":"https:\/\/api.w.org\/{rel}","templated":true}]}}